{"id":250,"date":"2024-10-20T15:55:56","date_gmt":"2024-10-20T13:55:56","guid":{"rendered":"https:\/\/www.clairedoyon.com\/?page_id=250"},"modified":"2024-10-20T16:05:21","modified_gmt":"2024-10-20T14:05:21","slug":"bio","status":"publish","type":"page","link":"https:\/\/www.clairedoyon.com\/","title":{"rendered":"BIO"},"content":{"rendered":"\t\t<div data-elementor-type=\"wp-page\" data-elementor-id=\"250\" class=\"elementor elementor-250\">\n\t\t\t\t<div class=\"elementor-element elementor-element-7e08030 e-flex e-con-boxed e-con e-parent\" data-id=\"7e08030\" data-element_type=\"container\" data-settings=\"{&quot;background_background&quot;:&quot;classic&quot;}\">\n\t\t\t\t\t<div class=\"e-con-inner\">\n\t\t\t\t<div class=\"elementor-element elementor-element-3835080 elementor-widget elementor-widget-image\" data-id=\"3835080\" data-element_type=\"widget\" data-widget_type=\"image.default\">\n\t\t\t\t<div class=\"elementor-widget-container\">\n\t\t\t\t\t\t\t\t\t\t\t\t\t<img fetchpriority=\"high\" decoding=\"async\" width=\"300\" height=\"237\" src=\"https:\/\/www.clairedoyon.com\/wp-content\/uploads\/2024\/10\/9536f90e1feecaddd11f8a80ac5805226ebed40b-e1729431144707-300x237.jpg\" class=\"attachment-medium size-medium wp-image-84\" alt=\"\" srcset=\"https:\/\/www.clairedoyon.com\/wp-content\/uploads\/2024\/10\/9536f90e1feecaddd11f8a80ac5805226ebed40b-e1729431144707-300x237.jpg 300w, https:\/\/www.clairedoyon.com\/wp-content\/uploads\/2024\/10\/9536f90e1feecaddd11f8a80ac5805226ebed40b-e1729431144707.jpg 650w\" sizes=\"100vw\" \/>\t\t\t\t\t\t\t\t\t\t\t\t\t<\/div>\n\t\t\t\t<\/div>\n\t\t\t\t<div class=\"elementor-element elementor-element-dac9057 elementor-widget elementor-widget-text-editor\" data-id=\"dac9057\" data-element_type=\"widget\" data-widget_type=\"text-editor.default\">\n\t\t\t\t<div class=\"elementor-widget-container\">\n\t\t\t\t\t\t\t<p>Claire Doyon est une r\u00e9alisatrice et artiste plasticienne fran\u00e7aise n\u00e9e en France en 1971. Apr\u00e8s des \u00e9tudes de lettres modernes, elle entreprend des \u00e9tudes de cin\u00e9ma au d\u00e9partement r\u00e9alisation de la f\u00e9mis et des \u00e9tudes de th\u00e9\u00e2tre \u00e0 Lee Strasberg school \u00e0 New-York. Claire Doyon r\u00e9alise son premier long-m\u00e9trage Les Lionceaux en 2002, s\u00e9lectionn\u00e9 \u00e0 La quinzaine des r\u00e9alisateurs au festival de Cannes.<\/p><p>Elle r\u00e9alise ensuite plusieurs films en utilisant la pellicule comme terrain de recherche et d\u2019exploration du sensible. Ces court-m\u00e9trages ont \u00e9t\u00e9 s\u00e9lectionn\u00e9s dans des festivals internationaux dont Locarno, Venise, FID Marseille, Clermont-Ferrand, C\u00f4t\u00e9 court Pantin, la FIAC, le MoMa, pour lesquels elle remporte de nombreux prix. Une r\u00e9trospective de ses films a eu lieu \u00e0 M\u00e9xico en 2015 lors du festival Distrital.<\/p><p>En 2022, son long-m\u00e9trage documentaire, P\u00e9n\u00e9lope Mon Amour, sort en salles en France et en Suisse. Il a remport\u00e9 les prix Renaud Victor et George de Beauregard au FID Marseille en 2021 ainsi que le grand prix Best doc au festival Biofest de Belgrade et le prix du jury des Escales Documentaires de la Rochelle en 2022. Une diffusion est pr\u00e9vue sur TV5 monde en 2025. Le film est disponible sur les plateformes en SVOD (Univers cin\u00e9, Orange, T\u00ebnk) et en DVD (\u00e9dition Black-out).<\/p><p>Depuis quelques ann\u00e9es, Claire Doyon d\u00e9ploie sa recherche cin\u00e9matographique autour de projets d\u2019installations qui se nourrissent de diff\u00e9rents m\u00e9diums: dessins, photos, archives, documents sonores; invitant le visiteur \u00e0 une d\u00e9ambulation sensorielle dans l\u2019espace. Elle questionne les rapports que nous entretenons avec les croyances, celles qui nous ont \u00e9t\u00e9 transmises par notre environnement, et d\u2019autres plus secr\u00e8tes, li\u00e9es \u00e0 l\u2019invisible.&nbsp;<\/p><p>Claire Doyon est fondatrice de Maia, un institut exp\u00e9rimental cr\u00e9e en 2007, situ\u00e9 \u00e0 Paris accueillant aujourd\u2019hui 53 enfants et adolescents porteurs d\u2019autisme \u00e0 travers diff\u00e9rents dispositifs (\u00e9cole maternelle, \u00e9cole \u00e9l\u00e9mentaire, IME, Sessad). Cette \u00e9cole promeut une p\u00e9dagogie exp\u00e9rimentale dans laquelle la pr\u00e9sence de la pratique artistique et collective tient un r\u00f4le majeur. Claire Doyon invite des artistes et r\u00e9alise des \u0153uvres collectives en utilisant le medium de la c\u00e9ramique, de la danse, du collage.<\/p><p>Claire Doyon est intervenante dans les \u00e9coles d\u2019art et de cin\u00e9ma. Elle a enseign\u00e9 \u00e0 La Villa Arson en 2023, \u00e0 La Head \u00e0 Gen\u00e8ve de 2018 \u00e0 2021. Depuis 2019, elle enseigne \u00e9galement \u00e0 Paris 8.<\/p><p>Depuis 2010 elle encadre des tournages plateau \u00e0 la f\u00e9mis en fiction et documentaire et anime des cours de direction d\u2019acteur avec des \u00e9l\u00e8ves du conservatoire.<\/p>\t\t\t\t\t\t<\/div>\n\t\t\t\t<\/div>\n\t\t\t\t<div class=\"elementor-element elementor-element-f140d73 elementor-widget elementor-widget-heading\" data-id=\"f140d73\" data-element_type=\"widget\" data-widget_type=\"heading.default\">\n\t\t\t\t<div class=\"elementor-widget-container\">\n\t\t\t<h2 class=\"elementor-heading-title elementor-size-default\">COLLECTIFS, WORKSHOP, TABLES RONDES<\/h2>\t\t<\/div>\n\t\t\t\t<\/div>\n\t\t\t\t<div class=\"elementor-element elementor-element-205d57e elementor-widget elementor-widget-text-editor\" data-id=\"205d57e\" data-element_type=\"widget\" data-widget_type=\"text-editor.default\">\n\t\t\t\t<div class=\"elementor-widget-container\">\n\t\t\t\t\t\t\t<p>Mars 2023, Table ronde, Centre Pompidou, Beaubourg, l\u2019exp\u00e9rience politique des femmes cin\u00e9astes, \u00ab comment l\u2019intime devient politique \u00bb, dans le cadre de la r\u00e9trospective Claudia Von Aleman.<\/p><p>Depuis 2016, Claire Doyon est associ\u00e9 au collectif Le Papotin rassemblant des artistes musiciens, plasticiens et journalistes autistes avec lesquels elle collabore r\u00e9guli\u00e8rement, notamment dans le cadre du Festival de musique Sonic Protest.<\/p><p>Juin 2019, workshop avec le collectif Free Home University, organis\u00e9 par Silvia Federici dans sa ville natale de Parme avec les artistes et autrices: Carla Bottiglieri, Jesal Kapadia, Alessandra Pomarico, Teresa Roversi autour du livre Par-del\u00e0 les fronti\u00e8res du corps. Silvia Federici (\u00c9ditions divergences)<\/p><p>De 2015 \u00e0 2017, membre du collectif Sparks (Somatic Practices Arts and Creativity for Special needs), groupe de recherche europ\u00e9en autour de la question des soins somatiques, des pratiques de danse, d\u2019accompagnement et de mise en place de projets artistiques et corporels autour de la question de la diff\u00e9rence.<\/p><p>2022, membre de l\u2019Acad\u00e9mie des C\u00e9sar.<\/p>\t\t\t\t\t\t<\/div>\n\t\t\t\t<\/div>\n\t\t\t\t<div class=\"elementor-element elementor-element-1c80622 elementor-widget elementor-widget-heading\" data-id=\"1c80622\" data-element_type=\"widget\" data-widget_type=\"heading.default\">\n\t\t\t\t<div class=\"elementor-widget-container\">\n\t\t\t<h2 class=\"elementor-heading-title elementor-size-default\">PUBLICATIONS, OUVRAGES COLLECTIFS<\/h2>\t\t<\/div>\n\t\t\t\t<\/div>\n\t\t\t\t<div class=\"elementor-element elementor-element-fe2f034 elementor-widget elementor-widget-text-editor\" data-id=\"fe2f034\" data-element_type=\"widget\" data-widget_type=\"text-editor.default\">\n\t\t\t\t<div class=\"elementor-widget-container\">\n\t\t\t\t\t\t\t<div><div>2022 : participation \u00e0 l\u2019ouvrage collectif Placement libre, Ed. Le Studio, paru en 2022, conception collages et texte \u00ab Terre t\u00e9l\u00e9pathe \u00bb (Ed. Bilingue Fran\u00e7ais\/Allemand).<\/div><div>2018 : participation \u00e0 l\u2019ouvrage collectif Itin\u00e9rances, Chapitre enfances: \u00ab cet enfant c\u2019est mon ma\u00eetre \u00bb, avec J\u00e9r\u00f4me Baschet, Marcelo Tari, et le collectif les lentill\u00e8res. Ed. les Laboratoires d\u2019Aubervilliers, coordonn\u00e9 par Josep Rafanell i orra.<\/div><\/div>\t\t\t\t\t\t<\/div>\n\t\t\t\t<\/div>\n\t\t\t\t<div class=\"elementor-element elementor-element-4bcfb1d elementor-widget elementor-widget-heading\" data-id=\"4bcfb1d\" data-element_type=\"widget\" data-widget_type=\"heading.default\">\n\t\t\t\t<div class=\"elementor-widget-container\">\n\t\t\t<h2 class=\"elementor-heading-title elementor-size-default\">R\u00c9TROSPECTIVE\/EXPOSITIONS\/PERFORMANCE<\/h2>\t\t<\/div>\n\t\t\t\t<\/div>\n\t\t\t\t<div class=\"elementor-element elementor-element-2ea8f86 elementor-widget elementor-widget-text-editor\" data-id=\"2ea8f86\" data-element_type=\"widget\" data-widget_type=\"text-editor.default\">\n\t\t\t\t<div class=\"elementor-widget-container\">\n\t\t\t\t\t\t\t<div><div>2023 : Lecture \/ performance du livre Placement libre \u00e0 la maison des M\u00e9tallos, avec le Collectif du Papotin, les artistes Fran\u00e7oise et Alice et Micka\u00ebl Phelippeau, Paris<\/div><div>2019 : Cin\u00e9-concert Les all\u00e9es sombres et Arsenic, avec Romain Trouillet, Galerie Eva Pritsky<\/div><div>2018 : Concert avec Joana Preiss, piano et voix, Galerie Eva Pritsky<\/div><div>2017 : Cin\u00e9-concert, Les all\u00e9es sombres avec neuf compositeur sous la direction de J\u00e9r\u00f4me Lemmonier,<\/div><div>Festival du film d\u2019Aubagne<\/div><div>2016 : WIPP (Work In Progress Performance), Commune image, Saint-Ouen, performance Alchemia<\/div><div>2015 : Exposition photographies Polaro\u00efd, Eva Pritsky<\/div><div>2015 : R\u00e9trospective films, festival Distrital, Mexico<\/div><div>2010 : Expositions photographies, Palerme, galerie Eva Pritsky<\/div><\/div>\t\t\t\t\t\t<\/div>\n\t\t\t\t<\/div>\n\t\t\t\t<div class=\"elementor-element elementor-element-b74a75d elementor-widget elementor-widget-heading\" data-id=\"b74a75d\" data-element_type=\"widget\" data-widget_type=\"heading.default\">\n\t\t\t\t<div class=\"elementor-widget-container\">\n\t\t\t<h2 class=\"elementor-heading-title elementor-size-default\">BOURSES ET R\u00c9SIDENCES<\/h2>\t\t<\/div>\n\t\t\t\t<\/div>\n\t\t\t\t<div class=\"elementor-element elementor-element-7eb98e1 elementor-widget elementor-widget-text-editor\" data-id=\"7eb98e1\" data-element_type=\"widget\" data-widget_type=\"text-editor.default\">\n\t\t\t\t<div class=\"elementor-widget-container\">\n\t\t\t\t\t\t\t<p>R\u00e9sidence d\u2019\u00e9criture de sc\u00e9nario, Groupe Ouest, Bretagne, Com\u00e9die et bande dessin\u00e9e, Enfin Libre!, 2022<br \/>Villas M\u00e9dicis, dans le cadre du partenariat Villas M\u00e9dicis\/T\u00ebnk pour P\u00e9n\u00e9lope mon amour, 2021<br \/>Aide au d\u00e9veloppement renforc\u00e9 du CNC (Centre National du Cin\u00e9ma et de l\u2019Image Anim\u00e9e) pour P\u00e9n\u00e9lope mon amour, 2020<br \/>Aide apr\u00e8s r\u00e9alisation, r\u00e9gion Ile-de-France, pour P\u00e9n\u00e9lope mon amour, 2020<br \/>Aide \u00e0 la post production, Occitanie, pour P\u00e9n\u00e9lope mon amour, 2020<br \/>Aide au d\u00e9veloppement CNC pour Delta, 2017<br \/>CNAP, Centre National des Arts Plastiques, pour Son of a gun, 2011<br \/>CNAP, Centre des Arts Plastiques, pour Les All\u00e9es sombres, 2015<br \/>Acquisition du film Les Lionceaux, Cin\u00e9math\u00e8que de Paris, 2018<br \/>Aide \u00e0 l\u2019\u00e9criture CNC pour P\u00e9n\u00e9lope mon amour, 2017<br \/>Fondation Chaffot Leyes, 2022, pour des portraits documentaires autour des personnes autistes<br \/>Fondation entreprendre pour aider, pour le film animation Les fleurs de Lune en partenariat avec le Palais de Tokyo<br \/>Aide au d\u00e9veloppement CICLIC (agence r\u00e9gionale pour le livre et l\u2019image), centre Val de Loire, pour<br \/>l\u2019installation DELTA, 2018<br \/>Aide \u00e0 la production, CNC, pour Kata\u00ef, 2007<br \/>Aide au programme, CNC, pour Kata\u00ef, 2007<br \/>Aide s\u00e9lective \u00e0 la production, CNC, pour Les Lionceaux, 2002<br \/>Aide \u00e0 la production, France 3, pour Les Lionceaux, 2002<\/p>\t\t\t\t\t\t<\/div>\n\t\t\t\t<\/div>\n\t\t\t\t<div class=\"elementor-element elementor-element-24d9596 elementor-widget elementor-widget-heading\" data-id=\"24d9596\" data-element_type=\"widget\" data-widget_type=\"heading.default\">\n\t\t\t\t<div class=\"elementor-widget-container\">\n\t\t\t<h2 class=\"elementor-heading-title elementor-size-default\">JURY<\/h2>\t\t<\/div>\n\t\t\t\t<\/div>\n\t\t\t\t<div class=\"elementor-element elementor-element-982c285 elementor-widget elementor-widget-text-editor\" data-id=\"982c285\" data-element_type=\"widget\" data-widget_type=\"text-editor.default\">\n\t\t\t\t<div class=\"elementor-widget-container\">\n\t\t\t\t\t\t\t<p>2016 : pr\u00e9sidente du Jury pour le Fid Marseille<br \/>2015 : s\u00e9lectionneuse pour le festival de Cannes (s\u00e9lection officielle Acid)<br \/>2018 : jury concours F\u00e9mis oral<\/p>\t\t\t\t\t\t<\/div>\n\t\t\t\t<\/div>\n\t\t\t\t<div class=\"elementor-element elementor-element-717fe28 elementor-widget elementor-widget-heading\" data-id=\"717fe28\" data-element_type=\"widget\" data-widget_type=\"heading.default\">\n\t\t\t\t<div class=\"elementor-widget-container\">\n\t\t\t<h2 class=\"elementor-heading-title elementor-size-default\">COMMISSIONS<\/h2>\t\t<\/div>\n\t\t\t\t<\/div>\n\t\t\t\t<div class=\"elementor-element elementor-element-6d2444e elementor-widget elementor-widget-text-editor\" data-id=\"6d2444e\" data-element_type=\"widget\" data-widget_type=\"text-editor.default\">\n\t\t\t\t<div class=\"elementor-widget-container\">\n\t\t\t\t\t\t\t<p>2024 : nomm\u00e9e par le CNC (Centre National du Cin\u00e9ma et de l\u2019Image Anim\u00e9e), commission parcours d\u2019auteur.<br \/>2021\/2023 : nomm\u00e9e pour deux ans par le CNC (Centre National du Cin\u00e9ma et de l\u2019Image Anim\u00e9e) \u00e0 la commission du FAIA (fond d\u2019aide \u00e0 l\u2019innovation audiovisuelle)<\/p>\t\t\t\t\t\t<\/div>\n\t\t\t\t<\/div>\n\t\t\t\t<div class=\"elementor-element elementor-element-61b165a elementor-widget elementor-widget-heading\" data-id=\"61b165a\" data-element_type=\"widget\" data-widget_type=\"heading.default\">\n\t\t\t\t<div class=\"elementor-widget-container\">\n\t\t\t<h2 class=\"elementor-heading-title elementor-size-default\">PROGRAMMATION<\/h2>\t\t<\/div>\n\t\t\t\t<\/div>\n\t\t\t\t<div class=\"elementor-element elementor-element-13648c6 elementor-widget elementor-widget-text-editor\" data-id=\"13648c6\" data-element_type=\"widget\" data-widget_type=\"text-editor.default\">\n\t\t\t\t<div class=\"elementor-widget-container\">\n\t\t\t\t\t\t\t<p>Depuis 2021 : programmatrice pour la diffusion et la restauration des premi\u00e8res oeuvres au sein de la plateforme Pr\u00e9ludes. Programmation et restauration des premiers films de Marie Losier, Bertrand Mandico, Yann Gonzales, Cycles films \u00ab Toutes les routes m\u00e8nent \u00e0 Khobakidz\u00e9\u00bb , actuellement cycle Med Hondo en cours (restauration copies film et programmation).<\/p><p>Octobre 2022: programmation de films au Dschungel Theater \u00e0 Vienne en Autriche. Mise en sc\u00e8ne d\u2019un dispositif th\u00e9\u00e2tral sur les questions d\u2019accessibilit\u00e9 au th\u00e9\u00e2tre, invit\u00e9e par Lise Lendais et Pierre Emmanuel Finzi.<\/p>\t\t\t\t\t\t<\/div>\n\t\t\t\t<\/div>\n\t\t\t\t<div class=\"elementor-element elementor-element-d38ab1d elementor-widget elementor-widget-heading\" data-id=\"d38ab1d\" data-element_type=\"widget\" data-widget_type=\"heading.default\">\n\t\t\t\t<div class=\"elementor-widget-container\">\n\t\t\t<h2 class=\"elementor-heading-title elementor-size-default\">CURATRICE<\/h2>\t\t<\/div>\n\t\t\t\t<\/div>\n\t\t\t\t<div class=\"elementor-element elementor-element-28e2bdd elementor-widget elementor-widget-text-editor\" data-id=\"28e2bdd\" data-element_type=\"widget\" data-widget_type=\"text-editor.default\">\n\t\t\t\t<div class=\"elementor-widget-container\">\n\t\t\t\t\t\t\t<p>2015 : Exposition de photographies \u00ab regards d\u2019enfance \u00bb r\u00e9alis\u00e9es par Lo\u00efc Trujillo, travail expos\u00e9 sur les grilles de l\u2019h\u00f4tel de ville, du parc des buttes Chaumont.<\/p><p>2022 : Les fleurs de lune, avec le palais de Tokyo, r\u00e9alisation d\u2019un film d\u2019animation avec les enfants de Maia, par In\u00e8s Berdugo et Antoine Morin.<\/p><p>De 2018 \u00e0 2023: \u0152uvres collectives et anonymes: par Magali Satg\u00e9, c\u00e9ramiste et H\u00e9l\u00e8ne Barr\u00e9, plasticienne, \u0153uvres expos\u00e9es \u00e0 la galerie Gr\u00e8s dans le 4e arrondissement \u00e0 Paris, au CRA \u00cele-de-France, \u00e0 la mairie du 12e arrondissement.<\/p>\t\t\t\t\t\t<\/div>\n\t\t\t\t<\/div>\n\t\t\t\t<div class=\"elementor-element elementor-element-71aa161 elementor-widget elementor-widget-heading\" data-id=\"71aa161\" data-element_type=\"widget\" data-widget_type=\"heading.default\">\n\t\t\t\t<div class=\"elementor-widget-container\">\n\t\t\t<h2 class=\"elementor-heading-title elementor-size-default\">QUELQUES PUBLICATIONS<\/h2>\t\t<\/div>\n\t\t\t\t<\/div>\n\t\t\t\t<div class=\"elementor-element elementor-element-dbac0d9 elementor-widget elementor-widget-text-editor\" data-id=\"dbac0d9\" data-element_type=\"widget\" data-widget_type=\"text-editor.default\">\n\t\t\t\t<div class=\"elementor-widget-container\">\n\t\t\t\t\t\t\t<p>Premi\u00e8re, Les lionceaux, d\u00e9cembre 2003<br \/>Lib\u00e9ration, P\u00e9n\u00e9lope mon amour, handicap de bonne esp\u00e9rance, 26 juillet 2021, par J\u00e9r\u00e9mie Piette<br \/>L\u2019humanit\u00e9, \u00abl\u2019Odyss\u00e9e de P\u00e9n\u00e9lope dans le monde de l\u2019autisme\u00bb, par Vincent Ostria<br \/>Lib\u00e9ration, \u00abP\u00e9n\u00e9lope mon amour, sa fille, sa bataille\u00bb, par Laura Tuillier, 12 octobre 2022<br \/>Le Canard encha\u00een\u00e9, par Sorj Chalandon, 12 octobre 2022<br \/>Les inrockuptibles, \u00abP\u00e9n\u00e9lope mon amour, un regard tendre et sans concession sur l\u2019autisme\u00bb<br \/>Trois couleurs par Tristan Brossat, 09 octobre 2022<br \/>T\u00e9l\u00e9rama, par C\u00e9cile Marchand M\u00e9nard<br \/>Trois couleurs, \u00abL\u2019autisme en face\u00bb, par Xana\u00e9 Bove, le 11 octobre 2022<br \/>Terra Femina, \u00abP\u00e9n\u00e9lope mon amour, le film bouleversant d\u2019une m\u00e8re pour sa fille autiste\u00bb, 11 oct. 2022<br \/>Le lien social, n 1324, \u00able myst\u00e8re P\u00e9n\u00e9lope\u00bb, octobre 2022<br \/>Doolittle, \u00ab Il y a une r\u00e9volution \u00e0 mener \u00bb, par Boris Szames, octobre 2022<br \/>Le Figaro, \u00abP\u00e9n\u00e9lope, mon amour : un bouleversant documentaire retrace le combat d\u2019une r\u00e9alisatrice pour sa fille autiste\u00bb, par Agn\u00e8s Leclair, 20 octobre 2022<br \/>Bande \u00e0 part, par Isabelle Danel<br \/>Handicap.fr, par Cassandre Rogeret, 12 ocotbre 2022<br \/>Le papotin, Claire Doyon, P\u00e9n\u00e9lope mon amour, mars 2023<br \/>Les cahiers du cin\u00e9ma, juin 2016 n\u00b0723, \u00abPour des horizons lointains\u00bb, article par Nicolas Azalbert<br \/>Lib\u00e9ration, \u00abL\u00e9opard des neiges \u00e0 Locarno\u00bb, 16 aout 2010, par Philippe Azooury<br \/>Le Monde, \u00abLes lionceaux, conte fantaisiste pour deux ogres et deux f\u00e9es\u00bb.<br \/>Cahiers du cin\u00e9ma, Claire Doyon, \u00abTous \u00e0 S\u00e8te\u00bb, Mai 2003, par H\u00e9l\u00e8ne Frappat<br \/>Les cahiers du cin\u00e9ma, \u00abLes Lionceaux\u00bb, d\u00e9cembre 2003, par Jean-Michel Frodon<br \/>Nova Mag, \u00abL\u2019\u00eele aux enfants\u00bb, d\u00e9cembre 2003<br \/>Studio, \u00abLes Lionceaux hyst\u00e9riques\u00bb, Janvier 2004<\/p>\t\t\t\t\t\t<\/div>\n\t\t\t\t<\/div>\n\t\t\t\t\t<\/div>\n\t\t\t\t<\/div>\n\t\t\t\t<\/div>\n\t\t","protected":false},"excerpt":{"rendered":"<p>Claire Doyon est une r\u00e9alisatrice et artiste plasticienne fran\u00e7aise n\u00e9e en France en 1971. Apr\u00e8s des \u00e9tudes de lettres modernes, elle entreprend des \u00e9tudes de cin\u00e9ma au d\u00e9partement r\u00e9alisation de la f\u00e9mis et des \u00e9tudes de th\u00e9\u00e2tre \u00e0 Lee Strasberg school \u00e0 New-York. Claire Doyon r\u00e9alise son premier long-m\u00e9trage Les Lionceaux en 2002, s\u00e9lectionn\u00e9 \u00e0 &hellip; <\/p>\n<p class=\"link-more\"><a href=\"https:\/\/www.clairedoyon.com\/\" class=\"more-link\">Lire la suite de<span class=\"screen-reader-text\">\u00ab\u00a0BIO\u00a0\u00bb<\/span><\/a><\/p>\n","protected":false},"author":1,"featured_media":0,"parent":0,"menu_order":0,"comment_status":"closed","ping_status":"closed","template":"elementor_theme","meta":{"footnotes":""},"class_list":["post-250","page","type-page","status-publish","hentry"],"_links":{"self":[{"href":"https:\/\/www.clairedoyon.com\/index.php\/wp-json\/wp\/v2\/pages\/250","targetHints":{"allow":["GET"]}}],"collection":[{"href":"https:\/\/www.clairedoyon.com\/index.php\/wp-json\/wp\/v2\/pages"}],"about":[{"href":"https:\/\/www.clairedoyon.com\/index.php\/wp-json\/wp\/v2\/types\/page"}],"author":[{"embeddable":true,"href":"https:\/\/www.clairedoyon.com\/index.php\/wp-json\/wp\/v2\/users\/1"}],"replies":[{"embeddable":true,"href":"https:\/\/www.clairedoyon.com\/index.php\/wp-json\/wp\/v2\/comments?post=250"}],"version-history":[{"count":4,"href":"https:\/\/www.clairedoyon.com\/index.php\/wp-json\/wp\/v2\/pages\/250\/revisions"}],"predecessor-version":[{"id":257,"href":"https:\/\/www.clairedoyon.com\/index.php\/wp-json\/wp\/v2\/pages\/250\/revisions\/257"}],"wp:attachment":[{"href":"https:\/\/www.clairedoyon.com\/index.php\/wp-json\/wp\/v2\/media?parent=250"}],"curies":[{"name":"wp","href":"https:\/\/api.w.org\/{rel}","templated":true}]}}