{"id":240,"date":"2024-10-20T15:47:49","date_gmt":"2024-10-20T13:47:49","guid":{"rendered":"https:\/\/www.clairedoyon.com\/?page_id=240"},"modified":"2024-10-20T18:32:52","modified_gmt":"2024-10-20T16:32:52","slug":"oeuvres-collectives","status":"publish","type":"page","link":"https:\/\/www.clairedoyon.com\/index.php\/oeuvres-collectives\/","title":{"rendered":"OEUVRES COLLECTIVES"},"content":{"rendered":"\t\t<div data-elementor-type=\"wp-page\" data-elementor-id=\"240\" class=\"elementor elementor-240\">\n\t\t\t\t<div class=\"elementor-element elementor-element-089812a e-flex e-con-boxed e-con e-parent\" data-id=\"089812a\" data-element_type=\"container\">\n\t\t\t\t\t<div class=\"e-con-inner\">\n\t\t\t\t<div class=\"elementor-element elementor-element-58f17fb elementor-widget elementor-widget-spacer\" data-id=\"58f17fb\" data-element_type=\"widget\" data-widget_type=\"spacer.default\">\n\t\t\t\t<div class=\"elementor-widget-container\">\n\t\t\t\t\t<div class=\"elementor-spacer\">\n\t\t\t<div class=\"elementor-spacer-inner\"><\/div>\n\t\t<\/div>\n\t\t\t\t<\/div>\n\t\t\t\t<\/div>\n\t\t\t\t\t<\/div>\n\t\t\t\t<\/div>\n\t\t<div class=\"elementor-element elementor-element-7e08030 e-con-full e-flex e-con e-parent\" data-id=\"7e08030\" data-element_type=\"container\" data-settings=\"{&quot;background_background&quot;:&quot;classic&quot;}\">\n\t\t\t\t<div class=\"elementor-element elementor-element-42e86bc elementor-widget elementor-widget-heading\" data-id=\"42e86bc\" data-element_type=\"widget\" data-widget_type=\"heading.default\">\n\t\t\t\t<div class=\"elementor-widget-container\">\n\t\t\t<h2 class=\"elementor-heading-title elementor-size-default\">C\u00c9RAMIQUE<\/h2>\t\t<\/div>\n\t\t\t\t<\/div>\n\t\t\t\t<div class=\"elementor-element elementor-element-205d57e elementor-widget elementor-widget-text-editor\" data-id=\"205d57e\" data-element_type=\"widget\" data-widget_type=\"text-editor.default\">\n\t\t\t\t<div class=\"elementor-widget-container\">\n\t\t\t\t\t\t\t<p style=\"text-align: left;\">Ateliers c\u00e9ramique avec Magali Satg\u00e9, depuis 2019, conception et r\u00e9alisation d&rsquo;oeuvres collectives au sein de l&rsquo;IME Maia avec les enfants porteurs d&rsquo;autisme, les parents, les fratries et l&rsquo;ensemble du personnel de Maia.<\/p>\t\t\t\t\t\t<\/div>\n\t\t\t\t<\/div>\n\t\t\t\t<div class=\"elementor-element elementor-element-3835080 elementor-widget elementor-widget-image\" data-id=\"3835080\" data-element_type=\"widget\" data-widget_type=\"image.default\">\n\t\t\t\t<div class=\"elementor-widget-container\">\n\t\t\t\t\t\t\t\t\t\t\t\t\t<img fetchpriority=\"high\" decoding=\"async\" width=\"950\" height=\"634\" src=\"https:\/\/www.clairedoyon.com\/wp-content\/uploads\/2024\/10\/258-SAM03073-Maia-selection-globale-2022-\u00a9-Matthieu-Samadet-WEB-HD-2022-1024x683.jpg\" class=\"attachment-large size-large wp-image-117\" alt=\"\" srcset=\"https:\/\/www.clairedoyon.com\/wp-content\/uploads\/2024\/10\/258-SAM03073-Maia-selection-globale-2022-\u00a9-Matthieu-Samadet-WEB-HD-2022-1024x683.jpg 1024w, https:\/\/www.clairedoyon.com\/wp-content\/uploads\/2024\/10\/258-SAM03073-Maia-selection-globale-2022-\u00a9-Matthieu-Samadet-WEB-HD-2022-300x200.jpg 300w, https:\/\/www.clairedoyon.com\/wp-content\/uploads\/2024\/10\/258-SAM03073-Maia-selection-globale-2022-\u00a9-Matthieu-Samadet-WEB-HD-2022-2000x1333.jpg 2000w, https:\/\/www.clairedoyon.com\/wp-content\/uploads\/2024\/10\/258-SAM03073-Maia-selection-globale-2022-\u00a9-Matthieu-Samadet-WEB-HD-2022-scaled-1536x1024.jpg 1536w, https:\/\/www.clairedoyon.com\/wp-content\/uploads\/2024\/10\/258-SAM03073-Maia-selection-globale-2022-\u00a9-Matthieu-Samadet-WEB-HD-2022-scaled-2048x1366.jpg 2048w\" sizes=\"100vw\" \/>\t\t\t\t\t\t\t\t\t\t\t\t\t<\/div>\n\t\t\t\t<\/div>\n\t\t\t\t<div class=\"elementor-element elementor-element-1f67eae elementor-widget elementor-widget-image\" data-id=\"1f67eae\" data-element_type=\"widget\" data-widget_type=\"image.default\">\n\t\t\t\t<div class=\"elementor-widget-container\">\n\t\t\t\t\t\t\t\t\t\t\t\t\t<img decoding=\"async\" width=\"640\" height=\"1024\" src=\"https:\/\/www.clairedoyon.com\/wp-content\/uploads\/2024\/10\/1-GRANDE-MAIA-2019-640x1024.jpg\" class=\"attachment-large size-large wp-image-273\" alt=\"\" srcset=\"https:\/\/www.clairedoyon.com\/wp-content\/uploads\/2024\/10\/1-GRANDE-MAIA-2019-640x1024.jpg 640w, https:\/\/www.clairedoyon.com\/wp-content\/uploads\/2024\/10\/1-GRANDE-MAIA-2019-187x300.jpg 187w, https:\/\/www.clairedoyon.com\/wp-content\/uploads\/2024\/10\/1-GRANDE-MAIA-2019-scaled-959x1536.jpg 959w, https:\/\/www.clairedoyon.com\/wp-content\/uploads\/2024\/10\/1-GRANDE-MAIA-2019-scaled-1279x2048.jpg 1279w, https:\/\/www.clairedoyon.com\/wp-content\/uploads\/2024\/10\/1-GRANDE-MAIA-2019-scaled.jpg 1599w\" sizes=\"100vw\" \/>\t\t\t\t\t\t\t\t\t\t\t\t\t<\/div>\n\t\t\t\t<\/div>\n\t\t\t\t<div class=\"elementor-element elementor-element-7a495c0 elementor-widget elementor-widget-image\" data-id=\"7a495c0\" data-element_type=\"widget\" data-widget_type=\"image.default\">\n\t\t\t\t<div class=\"elementor-widget-container\">\n\t\t\t\t\t\t\t\t\t\t\t\t\t<img decoding=\"async\" width=\"683\" height=\"1024\" src=\"https:\/\/www.clairedoyon.com\/wp-content\/uploads\/2024\/10\/38-SAM03155-Maia-Ceramique3-\u00a9-Matthieu-Samadet-WEB-HD-2022-683x1024.jpg\" class=\"attachment-large size-large wp-image-279\" alt=\"\" srcset=\"https:\/\/www.clairedoyon.com\/wp-content\/uploads\/2024\/10\/38-SAM03155-Maia-Ceramique3-\u00a9-Matthieu-Samadet-WEB-HD-2022-683x1024.jpg 683w, https:\/\/www.clairedoyon.com\/wp-content\/uploads\/2024\/10\/38-SAM03155-Maia-Ceramique3-\u00a9-Matthieu-Samadet-WEB-HD-2022-200x300.jpg 200w, https:\/\/www.clairedoyon.com\/wp-content\/uploads\/2024\/10\/38-SAM03155-Maia-Ceramique3-\u00a9-Matthieu-Samadet-WEB-HD-2022-2000x3000.jpg 2000w, https:\/\/www.clairedoyon.com\/wp-content\/uploads\/2024\/10\/38-SAM03155-Maia-Ceramique3-\u00a9-Matthieu-Samadet-WEB-HD-2022-scaled-1024x1536.jpg 1024w, https:\/\/www.clairedoyon.com\/wp-content\/uploads\/2024\/10\/38-SAM03155-Maia-Ceramique3-\u00a9-Matthieu-Samadet-WEB-HD-2022-scaled-1366x2048.jpg 1366w, https:\/\/www.clairedoyon.com\/wp-content\/uploads\/2024\/10\/38-SAM03155-Maia-Ceramique3-\u00a9-Matthieu-Samadet-WEB-HD-2022-scaled.jpg 1707w\" sizes=\"100vw\" \/>\t\t\t\t\t\t\t\t\t\t\t\t\t<\/div>\n\t\t\t\t<\/div>\n\t\t\t\t<div class=\"elementor-element elementor-element-1301a8a elementor-widget__width-initial elementor-widget elementor-widget-image\" data-id=\"1301a8a\" data-element_type=\"widget\" data-widget_type=\"image.default\">\n\t\t\t\t<div class=\"elementor-widget-container\">\n\t\t\t\t\t\t\t\t\t\t\t\t\t<img loading=\"lazy\" decoding=\"async\" width=\"683\" height=\"1024\" src=\"https:\/\/www.clairedoyon.com\/wp-content\/uploads\/2024\/10\/248-SAM03048-Maia-selection-globale-2022-\u00a9-Matthieu-Samadet-WEB-HD-2022-683x1024.jpg\" class=\"attachment-large size-large wp-image-280\" alt=\"\" srcset=\"https:\/\/www.clairedoyon.com\/wp-content\/uploads\/2024\/10\/248-SAM03048-Maia-selection-globale-2022-\u00a9-Matthieu-Samadet-WEB-HD-2022-683x1024.jpg 683w, https:\/\/www.clairedoyon.com\/wp-content\/uploads\/2024\/10\/248-SAM03048-Maia-selection-globale-2022-\u00a9-Matthieu-Samadet-WEB-HD-2022-200x300.jpg 200w, https:\/\/www.clairedoyon.com\/wp-content\/uploads\/2024\/10\/248-SAM03048-Maia-selection-globale-2022-\u00a9-Matthieu-Samadet-WEB-HD-2022-2000x3000.jpg 2000w, https:\/\/www.clairedoyon.com\/wp-content\/uploads\/2024\/10\/248-SAM03048-Maia-selection-globale-2022-\u00a9-Matthieu-Samadet-WEB-HD-2022-scaled-1024x1536.jpg 1024w, https:\/\/www.clairedoyon.com\/wp-content\/uploads\/2024\/10\/248-SAM03048-Maia-selection-globale-2022-\u00a9-Matthieu-Samadet-WEB-HD-2022-scaled-1366x2048.jpg 1366w, https:\/\/www.clairedoyon.com\/wp-content\/uploads\/2024\/10\/248-SAM03048-Maia-selection-globale-2022-\u00a9-Matthieu-Samadet-WEB-HD-2022-scaled.jpg 1707w\" sizes=\"100vw\" \/>\t\t\t\t\t\t\t\t\t\t\t\t\t<\/div>\n\t\t\t\t<\/div>\n\t\t\t\t<div class=\"elementor-element elementor-element-974c099 elementor-widget__width-initial elementor-widget elementor-widget-image\" data-id=\"974c099\" data-element_type=\"widget\" data-widget_type=\"image.default\">\n\t\t\t\t<div class=\"elementor-widget-container\">\n\t\t\t\t\t\t\t\t\t\t\t\t\t<img loading=\"lazy\" decoding=\"async\" width=\"950\" height=\"634\" src=\"https:\/\/www.clairedoyon.com\/wp-content\/uploads\/2024\/10\/219-SAM02936-Maia-selection-globale-2022-\u00a9-Matthieu-Samadet-WEB-HD-2022-1-1024x683.jpg\" class=\"attachment-large size-large wp-image-278\" alt=\"\" srcset=\"https:\/\/www.clairedoyon.com\/wp-content\/uploads\/2024\/10\/219-SAM02936-Maia-selection-globale-2022-\u00a9-Matthieu-Samadet-WEB-HD-2022-1-1024x683.jpg 1024w, https:\/\/www.clairedoyon.com\/wp-content\/uploads\/2024\/10\/219-SAM02936-Maia-selection-globale-2022-\u00a9-Matthieu-Samadet-WEB-HD-2022-1-300x200.jpg 300w, https:\/\/www.clairedoyon.com\/wp-content\/uploads\/2024\/10\/219-SAM02936-Maia-selection-globale-2022-\u00a9-Matthieu-Samadet-WEB-HD-2022-1-scaled-1536x1024.jpg 1536w, https:\/\/www.clairedoyon.com\/wp-content\/uploads\/2024\/10\/219-SAM02936-Maia-selection-globale-2022-\u00a9-Matthieu-Samadet-WEB-HD-2022-1-scaled-2048x1366.jpg 2048w, https:\/\/www.clairedoyon.com\/wp-content\/uploads\/2024\/10\/219-SAM02936-Maia-selection-globale-2022-\u00a9-Matthieu-Samadet-WEB-HD-2022-1-scaled-2000x1334.jpg 2000w\" sizes=\"100vw\" \/>\t\t\t\t\t\t\t\t\t\t\t\t\t<\/div>\n\t\t\t\t<\/div>\n\t\t\t\t<div class=\"elementor-element elementor-element-01836f4 elementor-widget elementor-widget-image\" data-id=\"01836f4\" data-element_type=\"widget\" data-widget_type=\"image.default\">\n\t\t\t\t<div class=\"elementor-widget-container\">\n\t\t\t\t\t\t\t\t\t\t\t\t\t<img loading=\"lazy\" decoding=\"async\" width=\"683\" height=\"1024\" src=\"https:\/\/www.clairedoyon.com\/wp-content\/uploads\/2024\/10\/212-SAM02910-Maia-selection-globale-2022-\u00a9-Matthieu-Samadet-WEB-HD-2022-683x1024.jpg\" class=\"attachment-large size-large wp-image-274\" alt=\"\" srcset=\"https:\/\/www.clairedoyon.com\/wp-content\/uploads\/2024\/10\/212-SAM02910-Maia-selection-globale-2022-\u00a9-Matthieu-Samadet-WEB-HD-2022-683x1024.jpg 683w, https:\/\/www.clairedoyon.com\/wp-content\/uploads\/2024\/10\/212-SAM02910-Maia-selection-globale-2022-\u00a9-Matthieu-Samadet-WEB-HD-2022-200x300.jpg 200w, https:\/\/www.clairedoyon.com\/wp-content\/uploads\/2024\/10\/212-SAM02910-Maia-selection-globale-2022-\u00a9-Matthieu-Samadet-WEB-HD-2022-2000x3000.jpg 2000w, https:\/\/www.clairedoyon.com\/wp-content\/uploads\/2024\/10\/212-SAM02910-Maia-selection-globale-2022-\u00a9-Matthieu-Samadet-WEB-HD-2022-scaled-1024x1536.jpg 1024w, https:\/\/www.clairedoyon.com\/wp-content\/uploads\/2024\/10\/212-SAM02910-Maia-selection-globale-2022-\u00a9-Matthieu-Samadet-WEB-HD-2022-scaled-1366x2048.jpg 1366w, https:\/\/www.clairedoyon.com\/wp-content\/uploads\/2024\/10\/212-SAM02910-Maia-selection-globale-2022-\u00a9-Matthieu-Samadet-WEB-HD-2022-scaled.jpg 1707w\" sizes=\"100vw\" \/>\t\t\t\t\t\t\t\t\t\t\t\t\t<\/div>\n\t\t\t\t<\/div>\n\t\t\t\t<div class=\"elementor-element elementor-element-be76e91 elementor-widget elementor-widget-image\" data-id=\"be76e91\" data-element_type=\"widget\" data-widget_type=\"image.default\">\n\t\t\t\t<div class=\"elementor-widget-container\">\n\t\t\t\t\t\t\t\t\t\t\t\t\t<img loading=\"lazy\" decoding=\"async\" width=\"950\" height=\"634\" src=\"https:\/\/www.clairedoyon.com\/wp-content\/uploads\/2024\/10\/219-SAM02936-Maia-selection-globale-2022-\u00a9-Matthieu-Samadet-WEB-HD-2022-1-1024x683.jpg\" class=\"attachment-large size-large wp-image-278\" alt=\"\" srcset=\"https:\/\/www.clairedoyon.com\/wp-content\/uploads\/2024\/10\/219-SAM02936-Maia-selection-globale-2022-\u00a9-Matthieu-Samadet-WEB-HD-2022-1-1024x683.jpg 1024w, https:\/\/www.clairedoyon.com\/wp-content\/uploads\/2024\/10\/219-SAM02936-Maia-selection-globale-2022-\u00a9-Matthieu-Samadet-WEB-HD-2022-1-300x200.jpg 300w, https:\/\/www.clairedoyon.com\/wp-content\/uploads\/2024\/10\/219-SAM02936-Maia-selection-globale-2022-\u00a9-Matthieu-Samadet-WEB-HD-2022-1-scaled-1536x1024.jpg 1536w, https:\/\/www.clairedoyon.com\/wp-content\/uploads\/2024\/10\/219-SAM02936-Maia-selection-globale-2022-\u00a9-Matthieu-Samadet-WEB-HD-2022-1-scaled-2048x1366.jpg 2048w, https:\/\/www.clairedoyon.com\/wp-content\/uploads\/2024\/10\/219-SAM02936-Maia-selection-globale-2022-\u00a9-Matthieu-Samadet-WEB-HD-2022-1-scaled-2000x1334.jpg 2000w\" sizes=\"100vw\" \/>\t\t\t\t\t\t\t\t\t\t\t\t\t<\/div>\n\t\t\t\t<\/div>\n\t\t\t\t<div class=\"elementor-element elementor-element-b6d143a elementor-widget elementor-widget-spacer\" data-id=\"b6d143a\" data-element_type=\"widget\" data-widget_type=\"spacer.default\">\n\t\t\t\t<div class=\"elementor-widget-container\">\n\t\t\t\t\t<div class=\"elementor-spacer\">\n\t\t\t<div class=\"elementor-spacer-inner\"><\/div>\n\t\t<\/div>\n\t\t\t\t<\/div>\n\t\t\t\t<\/div>\n\t\t\t\t<div class=\"elementor-element elementor-element-4a604e1 elementor-widget elementor-widget-heading\" data-id=\"4a604e1\" data-element_type=\"widget\" data-widget_type=\"heading.default\">\n\t\t\t\t<div class=\"elementor-widget-container\">\n\t\t\t<h2 class=\"elementor-heading-title elementor-size-default\">Atelier de teinture v\u00e9g\u00e9tale avec H\u00e9l\u00e8ne Barrier<\/h2>\t\t<\/div>\n\t\t\t\t<\/div>\n\t\t\t\t<div class=\"elementor-element elementor-element-463bd51 elementor-widget elementor-widget-text-editor\" data-id=\"463bd51\" data-element_type=\"widget\" data-widget_type=\"text-editor.default\">\n\t\t\t\t<div class=\"elementor-widget-container\">\n\t\t\t\t\t\t\t<p>A partir de plantes et de l\u00e9gumes aux vertus teintorielles, atelier de peinture sur tissu.<\/p>\t\t\t\t\t\t<\/div>\n\t\t\t\t<\/div>\n\t\t\t\t<div class=\"elementor-element elementor-element-b5f61b3 elementor-widget elementor-widget-image\" data-id=\"b5f61b3\" data-element_type=\"widget\" data-widget_type=\"image.default\">\n\t\t\t\t<div class=\"elementor-widget-container\">\n\t\t\t\t\t\t\t\t\t\t\t\t\t<img loading=\"lazy\" decoding=\"async\" width=\"950\" height=\"634\" src=\"https:\/\/www.clairedoyon.com\/wp-content\/uploads\/2024\/10\/DSCF2330-1024x683.jpg\" class=\"attachment-large size-large wp-image-293\" alt=\"\" srcset=\"https:\/\/www.clairedoyon.com\/wp-content\/uploads\/2024\/10\/DSCF2330-1024x683.jpg 1024w, https:\/\/www.clairedoyon.com\/wp-content\/uploads\/2024\/10\/DSCF2330-300x200.jpg 300w, https:\/\/www.clairedoyon.com\/wp-content\/uploads\/2024\/10\/DSCF2330-2000x1333.jpg 2000w, https:\/\/www.clairedoyon.com\/wp-content\/uploads\/2024\/10\/DSCF2330-scaled-1536x1024.jpg 1536w, https:\/\/www.clairedoyon.com\/wp-content\/uploads\/2024\/10\/DSCF2330-scaled-2048x1366.jpg 2048w\" sizes=\"100vw\" \/>\t\t\t\t\t\t\t\t\t\t\t\t\t<\/div>\n\t\t\t\t<\/div>\n\t\t\t\t<div class=\"elementor-element elementor-element-d1fa991 elementor-widget__width-initial elementor-widget elementor-widget-image\" data-id=\"d1fa991\" data-element_type=\"widget\" data-widget_type=\"image.default\">\n\t\t\t\t<div class=\"elementor-widget-container\">\n\t\t\t\t\t\t\t\t\t\t\t\t\t<img loading=\"lazy\" decoding=\"async\" width=\"950\" height=\"634\" src=\"https:\/\/www.clairedoyon.com\/wp-content\/uploads\/2024\/10\/DSCF2391-1024x683.jpg\" class=\"attachment-large size-large wp-image-292\" alt=\"\" srcset=\"https:\/\/www.clairedoyon.com\/wp-content\/uploads\/2024\/10\/DSCF2391-1024x683.jpg 1024w, https:\/\/www.clairedoyon.com\/wp-content\/uploads\/2024\/10\/DSCF2391-300x200.jpg 300w, https:\/\/www.clairedoyon.com\/wp-content\/uploads\/2024\/10\/DSCF2391-2000x1333.jpg 2000w, https:\/\/www.clairedoyon.com\/wp-content\/uploads\/2024\/10\/DSCF2391-scaled-1536x1024.jpg 1536w, https:\/\/www.clairedoyon.com\/wp-content\/uploads\/2024\/10\/DSCF2391-scaled-2048x1366.jpg 2048w\" sizes=\"100vw\" \/>\t\t\t\t\t\t\t\t\t\t\t\t\t<\/div>\n\t\t\t\t<\/div>\n\t\t\t\t<\/div>\n\t\t<div class=\"elementor-element elementor-element-1aacaa8 e-flex e-con-boxed e-con e-parent\" data-id=\"1aacaa8\" data-element_type=\"container\">\n\t\t\t\t\t<div class=\"e-con-inner\">\n\t\t\t\t\t<\/div>\n\t\t\t\t<\/div>\n\t\t<div class=\"elementor-element elementor-element-341e535 e-flex e-con-boxed e-con e-parent\" data-id=\"341e535\" data-element_type=\"container\">\n\t\t\t\t\t<div class=\"e-con-inner\">\n\t\t\t\t<div class=\"elementor-element elementor-element-7d3fda1 elementor-widget elementor-widget-text-editor\" data-id=\"7d3fda1\" data-element_type=\"widget\" data-widget_type=\"text-editor.default\">\n\t\t\t\t<div class=\"elementor-widget-container\">\n\t\t\t\t\t\t\t<p>Ateliers c\u00e9ramique avec Magali Satg\u00e9, depuis 2019, conception et r\u00e9alisation d&rsquo;oeuvres collectives au sein de l&rsquo;IME Maia avec les enfants porteurs d&rsquo;autisme, les parents, les fratries et l&rsquo;ensemble du personnel de Maia.<\/p>\t\t\t\t\t\t<\/div>\n\t\t\t\t<\/div>\n\t\t\t\t\t<\/div>\n\t\t\t\t<\/div>\n\t\t\t\t<\/div>\n\t\t","protected":false},"excerpt":{"rendered":"<p>C\u00c9RAMIQUE Ateliers c\u00e9ramique avec Magali Satg\u00e9, depuis 2019, conception et r\u00e9alisation d&rsquo;oeuvres collectives au sein de l&rsquo;IME Maia avec les enfants porteurs d&rsquo;autisme, les parents, les fratries et l&rsquo;ensemble du personnel de Maia. Atelier de teinture v\u00e9g\u00e9tale avec H\u00e9l\u00e8ne Barrier A partir de plantes et de l\u00e9gumes aux vertus teintorielles, atelier de peinture sur tissu. &hellip; <\/p>\n<p class=\"link-more\"><a href=\"https:\/\/www.clairedoyon.com\/index.php\/oeuvres-collectives\/\" class=\"more-link\">Lire la suite de<span class=\"screen-reader-text\">\u00ab\u00a0OEUVRES COLLECTIVES\u00a0\u00bb<\/span><\/a><\/p>\n","protected":false},"author":1,"featured_media":0,"parent":0,"menu_order":0,"comment_status":"closed","ping_status":"closed","template":"elementor_theme","meta":{"footnotes":""},"class_list":["post-240","page","type-page","status-publish","hentry"],"_links":{"self":[{"href":"https:\/\/www.clairedoyon.com\/index.php\/wp-json\/wp\/v2\/pages\/240","targetHints":{"allow":["GET"]}}],"collection":[{"href":"https:\/\/www.clairedoyon.com\/index.php\/wp-json\/wp\/v2\/pages"}],"about":[{"href":"https:\/\/www.clairedoyon.com\/index.php\/wp-json\/wp\/v2\/types\/page"}],"author":[{"embeddable":true,"href":"https:\/\/www.clairedoyon.com\/index.php\/wp-json\/wp\/v2\/users\/1"}],"replies":[{"embeddable":true,"href":"https:\/\/www.clairedoyon.com\/index.php\/wp-json\/wp\/v2\/comments?post=240"}],"version-history":[{"count":7,"href":"https:\/\/www.clairedoyon.com\/index.php\/wp-json\/wp\/v2\/pages\/240\/revisions"}],"predecessor-version":[{"id":299,"href":"https:\/\/www.clairedoyon.com\/index.php\/wp-json\/wp\/v2\/pages\/240\/revisions\/299"}],"wp:attachment":[{"href":"https:\/\/www.clairedoyon.com\/index.php\/wp-json\/wp\/v2\/media?parent=240"}],"curies":[{"name":"wp","href":"https:\/\/api.w.org\/{rel}","templated":true}]}}